{"id":228,"date":"2026-04-23T01:32:20","date_gmt":"2026-04-23T01:32:20","guid":{"rendered":"https:\/\/frezyaflower.com\/?post_type=product&#038;p=228"},"modified":"2026-04-23T01:32:26","modified_gmt":"2026-04-23T01:32:26","slug":"saksida-ortanca-cicegi-3","status":"publish","type":"product","link":"https:\/\/frezyaflower.com\/?product=saksida-ortanca-cicegi-3","title":{"rendered":"Saks\u0131da Ortanca \u00c7i\u00e7e\u011fi"},"content":{"rendered":"<p>&#8216;- \u00c7i\u00e7ek Fiyatlar\u0131m\u0131za KDV dahildir.<br \/>\n&#8211; \u00c7i\u00e7ek sipari\u015fi teslimatlar\u0131 09:00 ve 21:00 saatleri aras\u0131nda yap\u0131l\u0131r.<br \/>\n&#8211; Kullan\u0131lan yan \u00fcr\u00fcnlerde stok durumuna g\u00f6re farkl\u0131l\u0131klar olabilir.<br \/>\n&#8211; \u00c7i\u00e7ek sipari\u015fleriniz Firmam\u0131z g\u00fcvencesindedir.<\/p>\n","protected":false},"excerpt":{"rendered":"<p>&#8216;- \u00c7i\u00e7ek Fiyatlar\u0131m\u0131za KDV dahildir. &#8211; \u00c7i\u00e7ek sipari\u015fi teslimatlar\u0131 09:00 ve 21:00 saatleri aras\u0131nda yap\u0131l\u0131r. &#8211; Kullan\u0131lan yan \u00fcr\u00fcnlerde stok durumuna g\u00f6re farkl\u0131l\u0131klar olabilir. &#8211; \u00c7i\u00e7ek sipari\u015fleriniz Firmam\u0131z g\u00fcvencesindedir.<\/p>\n","protected":false},"featured_media":248,"comment_status":"open","ping_status":"closed","template":"","meta":[],"product_brand":[],"product_cat":[40,42,43,91,46,48,49,15,51,55,41,79,78,80,56,47,57],"product_tag":[58,59,61,62,63,64,92,68],"class_list":{"0":"post-228","1":"product","2":"type-product","3":"status-publish","4":"has-post-thumbnail","6":"product_cat-acilis-toren","7":"product_cat-anneler-gunu-cicekleri","8":"product_cat-babalar-gunu-cicekleri","9":"product_cat-bahce-cicekleri","10":"product_cat-dogum-gunu-cicekleri","11":"product_cat-erkek-sevgiliye-cicek","12":"product_cat-evlilik-yildonumu-cicekleri","13":"product_cat-genel","14":"product_cat-kadin-sevgiliye-cicek","15":"product_cat-ogretmenler-gunu-cicekleri","16":"product_cat-ozel-gunler","17":"product_cat-saksi-cicekleri-2","18":"product_cat-saksi-cicekleri","19":"product_cat-salon-cicekleri","20":"product_cat-sevgililer-gunu-cicekleri","21":"product_cat-sevgiliye-ozel","22":"product_cat-yilbasi-cicekleri","23":"product_tag-aranjman","24":"product_tag-bartin","25":"product_tag-buket","26":"product_tag-canli-cicek","27":"product_tag-cicek","28":"product_tag-cicekci","29":"product_tag-ortanca","30":"product_tag-saksi-cicegi","32":"first","33":"instock","34":"sale","35":"shipping-taxable","36":"purchasable","37":"product-type-simple"},"_links":{"self":[{"href":"https:\/\/frezyaflower.com\/index.php?rest_route=\/wp\/v2\/product\/228","targetHints":{"allow":["GET"]}}],"collection":[{"href":"https:\/\/frezyaflower.com\/index.php?rest_route=\/wp\/v2\/product"}],"about":[{"href":"https:\/\/frezyaflower.com\/index.php?rest_route=\/wp\/v2\/types\/product"}],"replies":[{"embeddable":true,"href":"https:\/\/frezyaflower.com\/index.php?rest_route=%2Fwp%2Fv2%2Fcomments&post=228"}],"wp:featuredmedia":[{"embeddable":true,"href":"https:\/\/frezyaflower.com\/index.php?rest_route=\/wp\/v2\/media\/248"}],"wp:attachment":[{"href":"https:\/\/frezyaflower.com\/index.php?rest_route=%2Fwp%2Fv2%2Fmedia&parent=228"}],"wp:term":[{"taxonomy":"product_brand","embeddable":true,"href":"https:\/\/frezyaflower.com\/index.php?rest_route=%2Fwp%2Fv2%2Fproduct_brand&post=228"},{"taxonomy":"product_cat","embeddable":true,"href":"https:\/\/frezyaflower.com\/index.php?rest_route=%2Fwp%2Fv2%2Fproduct_cat&post=228"},{"taxonomy":"product_tag","embeddable":true,"href":"https:\/\/frezyaflower.com\/index.php?rest_route=%2Fwp%2Fv2%2Fproduct_tag&post=228"}],"curies":[{"name":"wp","href":"https:\/\/api.w.org\/{rel}","templated":true}]}}