{"id":173,"date":"2026-04-23T01:31:49","date_gmt":"2026-04-23T01:31:49","guid":{"rendered":"https:\/\/frezyaflower.com\/?post_type=product&#038;p=173"},"modified":"2026-04-23T01:31:52","modified_gmt":"2026-04-23T01:31:52","slug":"renkli-mevsim-buketi-5","status":"publish","type":"product","link":"https:\/\/frezyaflower.com\/?product=renkli-mevsim-buketi-5","title":{"rendered":"Renkli Mevsim Buketi"},"content":{"rendered":"<p>&#8216;- \u00c7i\u00e7ek Fiyatlar\u0131m\u0131za KDV dahildir.<br \/>\n&#8211; \u00c7i\u00e7ek sipari\u015fi teslimatlar\u0131 09:00 ve 21:00 saatleri aras\u0131nda yap\u0131l\u0131r.<br \/>\n&#8211; Kullan\u0131lan yan \u00fcr\u00fcnlerde stok durumuna g\u00f6re farkl\u0131l\u0131klar olabilir.<br \/>\n&#8211; \u00c7i\u00e7ek sipari\u015fleriniz Firmam\u0131z g\u00fcvencesindedir.<\/p>\n","protected":false},"excerpt":{"rendered":"<p>&#8216;- \u00c7i\u00e7ek Fiyatlar\u0131m\u0131za KDV dahildir. &#8211; \u00c7i\u00e7ek sipari\u015fi teslimatlar\u0131 09:00 ve 21:00 saatleri aras\u0131nda yap\u0131l\u0131r. &#8211; Kullan\u0131lan yan \u00fcr\u00fcnlerde stok durumuna g\u00f6re farkl\u0131l\u0131klar olabilir. &#8211; \u00c7i\u00e7ek sipari\u015fleriniz Firmam\u0131z g\u00fcvencesindedir.<\/p>\n","protected":false},"featured_media":193,"comment_status":"open","ping_status":"closed","template":"","meta":[],"product_brand":[],"product_cat":[40,42,43,44,45,46,48,49,15,51,52,53,54,55,41,56,47,57],"product_tag":[58,59,61,62,63,64,68],"class_list":{"0":"post-173","1":"product","2":"type-product","3":"status-publish","4":"has-post-thumbnail","6":"product_cat-acilis-toren","7":"product_cat-anneler-gunu-cicekleri","8":"product_cat-babalar-gunu-cicekleri","9":"product_cat-buketler","10":"product_cat-buketler-2","11":"product_cat-dogum-gunu-cicekleri","12":"product_cat-erkek-sevgiliye-cicek","13":"product_cat-evlilik-yildonumu-cicekleri","14":"product_cat-genel","15":"product_cat-kadin-sevgiliye-cicek","16":"product_cat-karisik-cicek-buketi","17":"product_cat-kiz-isteme-buketi","18":"product_cat-mevsim-cicekleri-buketleri","19":"product_cat-ogretmenler-gunu-cicekleri","20":"product_cat-ozel-gunler","21":"product_cat-sevgililer-gunu-cicekleri","22":"product_cat-sevgiliye-ozel","23":"product_cat-yilbasi-cicekleri","24":"product_tag-aranjman","25":"product_tag-bartin","26":"product_tag-buket","27":"product_tag-canli-cicek","28":"product_tag-cicek","29":"product_tag-cicekci","30":"product_tag-saksi-cicegi","32":"first","33":"instock","34":"sale","35":"shipping-taxable","36":"purchasable","37":"product-type-simple"},"_links":{"self":[{"href":"https:\/\/frezyaflower.com\/index.php?rest_route=\/wp\/v2\/product\/173","targetHints":{"allow":["GET"]}}],"collection":[{"href":"https:\/\/frezyaflower.com\/index.php?rest_route=\/wp\/v2\/product"}],"about":[{"href":"https:\/\/frezyaflower.com\/index.php?rest_route=\/wp\/v2\/types\/product"}],"replies":[{"embeddable":true,"href":"https:\/\/frezyaflower.com\/index.php?rest_route=%2Fwp%2Fv2%2Fcomments&post=173"}],"wp:featuredmedia":[{"embeddable":true,"href":"https:\/\/frezyaflower.com\/index.php?rest_route=\/wp\/v2\/media\/193"}],"wp:attachment":[{"href":"https:\/\/frezyaflower.com\/index.php?rest_route=%2Fwp%2Fv2%2Fmedia&parent=173"}],"wp:term":[{"taxonomy":"product_brand","embeddable":true,"href":"https:\/\/frezyaflower.com\/index.php?rest_route=%2Fwp%2Fv2%2Fproduct_brand&post=173"},{"taxonomy":"product_cat","embeddable":true,"href":"https:\/\/frezyaflower.com\/index.php?rest_route=%2Fwp%2Fv2%2Fproduct_cat&post=173"},{"taxonomy":"product_tag","embeddable":true,"href":"https:\/\/frezyaflower.com\/index.php?rest_route=%2Fwp%2Fv2%2Fproduct_tag&post=173"}],"curies":[{"name":"wp","href":"https:\/\/api.w.org\/{rel}","templated":true}]}}