{"id":164,"date":"2026-04-23T01:31:29","date_gmt":"2026-04-23T01:31:29","guid":{"rendered":"https:\/\/frezyaflower.com\/?post_type=product&#038;p=164"},"modified":"2026-04-23T01:31:32","modified_gmt":"2026-04-23T01:31:32","slug":"gelin-arabasi-5","status":"publish","type":"product","link":"https:\/\/frezyaflower.com\/?product=gelin-arabasi-5","title":{"rendered":"Gelin Arabas\u0131"},"content":{"rendered":"<p>&#8216;- \u00c7i\u00e7ek Fiyatlar\u0131m\u0131za KDV dahildir.<br \/>\n&#8211; \u00c7i\u00e7ek sipari\u015fi teslimatlar\u0131 09:00 ve 21:00 saatleri aras\u0131nda yap\u0131l\u0131r.<br \/>\n&#8211; Kullan\u0131lan yan \u00fcr\u00fcnlerde stok durumuna g\u00f6re farkl\u0131l\u0131klar olabilir.<br \/>\n&#8211; \u00c7i\u00e7ek sipari\u015fleriniz Firmam\u0131z g\u00fcvencesindedir.<\/p>\n","protected":false},"excerpt":{"rendered":"<p>&#8216;- \u00c7i\u00e7ek Fiyatlar\u0131m\u0131za KDV dahildir. &#8211; \u00c7i\u00e7ek sipari\u015fi teslimatlar\u0131 09:00 ve 21:00 saatleri aras\u0131nda yap\u0131l\u0131r. &#8211; Kullan\u0131lan yan \u00fcr\u00fcnlerde stok durumuna g\u00f6re farkl\u0131l\u0131klar olabilir. &#8211; \u00c7i\u00e7ek sipari\u015fleriniz Firmam\u0131z g\u00fcvencesindedir.<\/p>\n","protected":false},"featured_media":96,"comment_status":"open","ping_status":"closed","template":"","meta":[],"product_brand":[],"product_cat":[73,74],"product_tag":[75,58,59,61,62,63,64,76,67],"class_list":{"0":"post-164","1":"product","2":"type-product","3":"status-publish","4":"has-post-thumbnail","6":"product_cat-araba-susleme","7":"product_cat-gelin-arabasi-susleme","8":"product_tag-araba-susleme","9":"product_tag-aranjman","10":"product_tag-bartin","11":"product_tag-buket","12":"product_tag-canli-cicek","13":"product_tag-cicek","14":"product_tag-cicekci","15":"product_tag-gelin-arabasi","16":"product_tag-papatya","18":"first","19":"instock","20":"shipping-taxable","21":"purchasable","22":"product-type-simple"},"_links":{"self":[{"href":"https:\/\/frezyaflower.com\/index.php?rest_route=\/wp\/v2\/product\/164","targetHints":{"allow":["GET"]}}],"collection":[{"href":"https:\/\/frezyaflower.com\/index.php?rest_route=\/wp\/v2\/product"}],"about":[{"href":"https:\/\/frezyaflower.com\/index.php?rest_route=\/wp\/v2\/types\/product"}],"replies":[{"embeddable":true,"href":"https:\/\/frezyaflower.com\/index.php?rest_route=%2Fwp%2Fv2%2Fcomments&post=164"}],"wp:featuredmedia":[{"embeddable":true,"href":"https:\/\/frezyaflower.com\/index.php?rest_route=\/wp\/v2\/media\/96"}],"wp:attachment":[{"href":"https:\/\/frezyaflower.com\/index.php?rest_route=%2Fwp%2Fv2%2Fmedia&parent=164"}],"wp:term":[{"taxonomy":"product_brand","embeddable":true,"href":"https:\/\/frezyaflower.com\/index.php?rest_route=%2Fwp%2Fv2%2Fproduct_brand&post=164"},{"taxonomy":"product_cat","embeddable":true,"href":"https:\/\/frezyaflower.com\/index.php?rest_route=%2Fwp%2Fv2%2Fproduct_cat&post=164"},{"taxonomy":"product_tag","embeddable":true,"href":"https:\/\/frezyaflower.com\/index.php?rest_route=%2Fwp%2Fv2%2Fproduct_tag&post=164"}],"curies":[{"name":"wp","href":"https:\/\/api.w.org\/{rel}","templated":true}]}}