{"id":154,"date":"2026-04-23T01:31:28","date_gmt":"2026-04-23T01:31:28","guid":{"rendered":"https:\/\/frezyaflower.com\/?post_type=product&#038;p=154"},"modified":"2026-04-23T14:28:15","modified_gmt":"2026-04-23T14:28:15","slug":"11-adet-kirmizi-gul-buketi","status":"publish","type":"product","link":"https:\/\/frezyaflower.com\/?product=11-adet-kirmizi-gul-buketi","title":{"rendered":"11 Adet K\u0131rm\u0131z\u0131 G\u00fcl Buketi"},"content":{"rendered":"<p>&#8216;- \u00c7i\u00e7ek Fiyatlar\u0131m\u0131za KDV dahildir.<br \/>\n&#8211; \u00c7i\u00e7ek sipari\u015fi teslimatlar\u0131 09:00 ve 21:00 saatleri aras\u0131nda yap\u0131l\u0131r.<br \/>\n&#8211; Kullan\u0131lan yan \u00fcr\u00fcnlerde stok durumuna g\u00f6re farkl\u0131l\u0131klar olabilir.<br \/>\n&#8211; \u00c7i\u00e7ek sipari\u015fleriniz Firmam\u0131z g\u00fcvencesindedir.<\/p>\n","protected":false},"excerpt":{"rendered":"<p>&#8216;- \u00c7i\u00e7ek Fiyatlar\u0131m\u0131za KDV dahildir. &#8211; \u00c7i\u00e7ek sipari\u015fi teslimatlar\u0131 09:00 ve 21:00 saatleri aras\u0131nda yap\u0131l\u0131r. &#8211; Kullan\u0131lan yan \u00fcr\u00fcnlerde stok durumuna g\u00f6re farkl\u0131l\u0131klar olabilir. &#8211; \u00c7i\u00e7ek sipari\u015fleriniz Firmam\u0131z g\u00fcvencesindedir.<\/p>\n","protected":false},"featured_media":86,"comment_status":"open","ping_status":"closed","template":"","meta":[],"product_brand":[],"product_cat":[40,45,44,46,48,49,15,50,51,53,41,56,47,57],"product_tag":[58,59,61,62,63,64,65,70],"class_list":{"0":"post-154","1":"product","2":"type-product","3":"status-publish","4":"has-post-thumbnail","6":"product_cat-acilis-toren","7":"product_cat-buketler-2","8":"product_cat-buketler","9":"product_cat-dogum-gunu-cicekleri","10":"product_cat-erkek-sevgiliye-cicek","11":"product_cat-evlilik-yildonumu-cicekleri","12":"product_cat-genel","13":"product_cat-gul-buketleri","14":"product_cat-kadin-sevgiliye-cicek","15":"product_cat-kiz-isteme-buketi","16":"product_cat-ozel-gunler","17":"product_cat-sevgililer-gunu-cicekleri","18":"product_cat-sevgiliye-ozel","19":"product_cat-yilbasi-cicekleri","20":"product_tag-aranjman","21":"product_tag-bartin","22":"product_tag-buket","23":"product_tag-canli-cicek","24":"product_tag-cicek","25":"product_tag-cicekci","26":"product_tag-gul","27":"product_tag-gul-buketi","29":"first","30":"instock","31":"sale","32":"shipping-taxable","33":"purchasable","34":"product-type-simple"},"_links":{"self":[{"href":"https:\/\/frezyaflower.com\/index.php?rest_route=\/wp\/v2\/product\/154","targetHints":{"allow":["GET"]}}],"collection":[{"href":"https:\/\/frezyaflower.com\/index.php?rest_route=\/wp\/v2\/product"}],"about":[{"href":"https:\/\/frezyaflower.com\/index.php?rest_route=\/wp\/v2\/types\/product"}],"replies":[{"embeddable":true,"href":"https:\/\/frezyaflower.com\/index.php?rest_route=%2Fwp%2Fv2%2Fcomments&post=154"}],"wp:featuredmedia":[{"embeddable":true,"href":"https:\/\/frezyaflower.com\/index.php?rest_route=\/wp\/v2\/media\/86"}],"wp:attachment":[{"href":"https:\/\/frezyaflower.com\/index.php?rest_route=%2Fwp%2Fv2%2Fmedia&parent=154"}],"wp:term":[{"taxonomy":"product_brand","embeddable":true,"href":"https:\/\/frezyaflower.com\/index.php?rest_route=%2Fwp%2Fv2%2Fproduct_brand&post=154"},{"taxonomy":"product_cat","embeddable":true,"href":"https:\/\/frezyaflower.com\/index.php?rest_route=%2Fwp%2Fv2%2Fproduct_cat&post=154"},{"taxonomy":"product_tag","embeddable":true,"href":"https:\/\/frezyaflower.com\/index.php?rest_route=%2Fwp%2Fv2%2Fproduct_tag&post=154"}],"curies":[{"name":"wp","href":"https:\/\/api.w.org\/{rel}","templated":true}]}}