{"id":21,"date":"2026-04-23T10:00:00","date_gmt":"2026-04-23T10:00:00","guid":{"rendered":"https:\/\/frezyaflower.com\/?page_id=5"},"modified":"2026-04-23T10:00:00","modified_gmt":"2026-04-23T10:00:00","slug":"iletisim","status":"publish","type":"page","link":"https:\/\/frezyaflower.com\/?page_id=21","title":{"rendered":"\u0130leti\u015fim"},"content":{"rendered":"<p>Telefon: 0850 302 04 74 Adres: Bart\u0131n Merkez, Bart\u0131n WhatsApp ile h\u0131zl\u0131 sipari\u015f i\u00e7in tema \u00fcst men\u00fcs\u00fcn\u00fc kullan\u0131n.<\/p>\n","protected":false},"excerpt":{"rendered":"<p>Telefon: 0850 302 04 74 Adres: Bart\u0131n Merkez, Bart\u0131n WhatsApp ile h\u0131zl\u0131 sipari\u015f i\u00e7in tema \u00fcst men\u00fcs\u00fcn\u00fc kullan\u0131n.<\/p>\n","protected":false},"author":2,"featured_media":0,"parent":0,"menu_order":0,"comment_status":"closed","ping_status":"closed","template":"","meta":{"footnotes":""},"class_list":["post-21","page","type-page","status-publish","hentry"],"_links":{"self":[{"href":"https:\/\/frezyaflower.com\/index.php?rest_route=\/wp\/v2\/pages\/21","targetHints":{"allow":["GET"]}}],"collection":[{"href":"https:\/\/frezyaflower.com\/index.php?rest_route=\/wp\/v2\/pages"}],"about":[{"href":"https:\/\/frezyaflower.com\/index.php?rest_route=\/wp\/v2\/types\/page"}],"author":[{"embeddable":true,"href":"https:\/\/frezyaflower.com\/index.php?rest_route=\/wp\/v2\/users\/2"}],"replies":[{"embeddable":true,"href":"https:\/\/frezyaflower.com\/index.php?rest_route=%2Fwp%2Fv2%2Fcomments&post=21"}],"version-history":[{"count":1,"href":"https:\/\/frezyaflower.com\/index.php?rest_route=\/wp\/v2\/pages\/21\/revisions"}],"predecessor-version":[{"id":295,"href":"https:\/\/frezyaflower.com\/index.php?rest_route=\/wp\/v2\/pages\/21\/revisions\/295"}],"wp:attachment":[{"href":"https:\/\/frezyaflower.com\/index.php?rest_route=%2Fwp%2Fv2%2Fmedia&parent=21"}],"curies":[{"name":"wp","href":"https:\/\/api.w.org\/{rel}","templated":true}]}}