{"id":18,"date":"2026-04-23T10:00:00","date_gmt":"2026-04-23T10:00:00","guid":{"rendered":"https:\/\/frezyaflower.com\/?page_id=2"},"modified":"2026-04-23T10:00:00","modified_gmt":"2026-04-23T10:00:00","slug":"ana-sayfa","status":"publish","type":"page","link":"https:\/\/frezyaflower.com\/","title":{"rendered":"Ana Sayfa"},"content":{"rendered":"<p>Bu sayfa tema ile birlikte ana sayfa olarak kullan\u0131lmak \u00fczere haz\u0131rlanm\u0131\u015ft\u0131r. Elementor ile d\u00fczenleyebilirsiniz.<\/p>\n","protected":false},"excerpt":{"rendered":"<p>Bu sayfa tema ile birlikte ana sayfa olarak kullan\u0131lmak \u00fczere haz\u0131rlanm\u0131\u015ft\u0131r. Elementor ile d\u00fczenleyebilirsiniz.<\/p>\n","protected":false},"author":2,"featured_media":0,"parent":0,"menu_order":0,"comment_status":"closed","ping_status":"closed","template":"","meta":{"footnotes":""},"class_list":["post-18","page","type-page","status-publish","hentry"],"_links":{"self":[{"href":"https:\/\/frezyaflower.com\/index.php?rest_route=\/wp\/v2\/pages\/18","targetHints":{"allow":["GET"]}}],"collection":[{"href":"https:\/\/frezyaflower.com\/index.php?rest_route=\/wp\/v2\/pages"}],"about":[{"href":"https:\/\/frezyaflower.com\/index.php?rest_route=\/wp\/v2\/types\/page"}],"author":[{"embeddable":true,"href":"https:\/\/frezyaflower.com\/index.php?rest_route=\/wp\/v2\/users\/2"}],"replies":[{"embeddable":true,"href":"https:\/\/frezyaflower.com\/index.php?rest_route=%2Fwp%2Fv2%2Fcomments&post=18"}],"version-history":[{"count":1,"href":"https:\/\/frezyaflower.com\/index.php?rest_route=\/wp\/v2\/pages\/18\/revisions"}],"predecessor-version":[{"id":292,"href":"https:\/\/frezyaflower.com\/index.php?rest_route=\/wp\/v2\/pages\/18\/revisions\/292"}],"wp:attachment":[{"href":"https:\/\/frezyaflower.com\/index.php?rest_route=%2Fwp%2Fv2%2Fmedia&parent=18"}],"curies":[{"name":"wp","href":"https:\/\/api.w.org\/{rel}","templated":true}]}}